{"id":2330,"date":"2024-03-11T12:13:46","date_gmt":"2024-03-11T12:13:46","guid":{"rendered":"https:\/\/flexvision.pk-program.pl\/produkty\/mini-telebim-88\/"},"modified":"2024-03-17T22:04:06","modified_gmt":"2024-03-17T22:04:06","slug":"mini-telebim-88","status":"publish","type":"product","link":"https:\/\/flexvision.pl\/en\/products\/mini-telebim-88\/","title":{"rendered":"Mini Telebim (88&#8243;)"},"content":{"rendered":"<p><b>Mini LED Display<\/b> &#8211; a digital video image carrier adapted to work in outdoor conditions.<\/p>\n<ol>\n<li><strong>Purpose<\/strong> &#8211; broadcasting of video materials, photos, graphics, texts in order to:<\/li>\n<\/ol>\n<ul>\n<li>stand out among other entities (dynamic logo, company name)<\/li>\n<li>present products and\/or services<\/li>\n<li>inform about promotions, happy hours, offers of the day, etc. within the specified time period.<\/li>\n<li>broadcast advertisements of producers whose products are distributed (payable mention of products)<\/li>\n<li>provide information such as: opening days and hours, address, exchange rates, available rooms, etc.<\/li>\n<\/ul>\n<ol start=\"2\">\n<li><strong>Technical Parameters:<\/strong><\/li>\n<\/ol>\n<ul>\n<li>high brightness (5,000 nits) &#8211; <strong>visible<\/strong> in full <strong>sunlight<\/strong><\/li>\n<li>resistant to external conditions <strong>(rain, frost, snow)<\/strong><\/li>\n<li>diagonal: <strong>88 inches<\/strong><\/li>\n<li>16.7 million <strong>colors<\/strong><\/li>\n<li>widescreen format<\/li>\n<li>service life min. <strong>8 years<\/strong><\/li>\n<li>the ability to operate via a <strong>smartphone<\/strong>,<\/li>\n<li>the ability to display QR codes (and read them using smartphones) &#8211; read more below<\/li>\n<li><em>plug &amp; play<\/em>[pod\u0142\u0105cz i u\u017cywaj]<\/li>\n<li>automatic brightness regulator &#8211; read more below<\/li>\n<li>weight: 55 kg<\/li>\n<li>frame: steel and aluminum<\/li>\n<li>average electricity consumption: 0.66 kW,<\/li>\n<\/ul>\n<p><strong>QR code support<br \/>\n<\/strong> <strong>Mini LED Display (88&#8243;)<\/strong> will display a <strong>QR<\/strong> code that can be <strong>read<\/strong> from a distance with a <strong>phone.<br \/>\n<\/strong> Case study:<\/p>\n<ul>\n<li>the attention of a passer-by (or car\/bus passenger) <strong>is attracted by an attractive<\/strong> information\/advertising spot that encourages the use of the QR code,<\/li>\n<li>takes out the phone, reads the QR code and that&#8217;s it!!<\/li>\n<li>loads the indicated website \/ FB profile, watches a dedicated movie or downloads a file (price list, discount voucher or other)<\/li>\n<\/ul>\n<p>The content of the Mini LED Display can be changed whenever you want. Also with a smartphone.<br \/>\nYou can also schedule different content at specific time intervals.<br \/>\nEasy? And how effective!!<\/p>\n<p><strong>Automatic brightness regulator<\/strong><\/p>\n<p><strong>The Mini LED Display<\/strong> has the function of automatically adjusting the brightness of the light. In the case of high insolation &#8211; it will increase the brightness level, on cloudy days or after dusk &#8211; it will reduce it accordingly.<\/p>\n<p>The content is always visible without the risk of dazzling passers-by and drivers.<\/p>\n<p>More Information: <a href=\"https:\/\/minitelebim.pl\/en\/\" rel=\"nofollow noopener\" target=\"_blank\">Mini LED Display<\/a><\/p>\n","protected":false},"excerpt":{"rendered":"<p><b>Mini LED Display<\/b> &#8211; a digital video image carrier adapted to work in outdoor conditions.<\/p>\n<p><strong>QR code support<br \/>\n<\/strong> <strong>Mini LED Display (88&#8243;)<\/strong> will display a <strong>QR<\/strong> code that can be <strong>read<\/strong> from a distance with a <strong>phone.<\/strong> Case study:<\/p>\n<p>The content of the Mini LED Display can be changed whenever you want. Also with a smartphone.<br \/>\nYou can also schedule different content at specific time intervals.<br \/>\nEasy? And how effective!!<\/p>\n","protected":false},"featured_media":1974,"comment_status":"open","ping_status":"closed","template":"","meta":{"_acf_changed":false,"_kad_blocks_custom_css":"","_kad_blocks_head_custom_js":"","_kad_blocks_body_custom_js":"","_kad_blocks_footer_custom_js":"","_kad_post_transparent":"default","_kad_post_title":"","_kad_post_layout":"default","_kad_post_sidebar_id":"","_kad_post_content_style":"default","_kad_post_vertical_padding":"default","_kad_post_feature":"","_kad_post_feature_position":"","_kad_post_header":false,"_kad_post_footer":false,"_kad_post_classname":""},"product_brand":[],"product_cat":[43,45],"product_tag":[],"class_list":{"0":"post-2330","1":"product","2":"type-product","3":"status-publish","4":"has-post-thumbnail","6":"product_cat-fixed-mounted-screens","7":"product_cat-outdoor","9":"first","10":"instock","11":"shipping-taxable","12":"product-type-simple","13":"entry","14":"content-bg","15":"loop-entry"},"acf":[],"taxonomy_info":{"product_cat":[{"value":43,"label":"Fixed mounted screens"},{"value":45,"label":"Fixed mounted screens - Outdoor"}]},"featured_image_src_large":["https:\/\/flexvision.pl\/wp-content\/uploads\/2024\/03\/minitelebim.jpeg",768,475,false],"author_info":[],"comment_info":0,"_links":{"self":[{"href":"https:\/\/flexvision.pl\/en\/wp-json\/wp\/v2\/product\/2330","targetHints":{"allow":["GET"]}}],"collection":[{"href":"https:\/\/flexvision.pl\/en\/wp-json\/wp\/v2\/product"}],"about":[{"href":"https:\/\/flexvision.pl\/en\/wp-json\/wp\/v2\/types\/product"}],"replies":[{"embeddable":true,"href":"https:\/\/flexvision.pl\/en\/wp-json\/wp\/v2\/comments?post=2330"}],"wp:featuredmedia":[{"embeddable":true,"href":"https:\/\/flexvision.pl\/en\/wp-json\/wp\/v2\/media\/1974"}],"wp:attachment":[{"href":"https:\/\/flexvision.pl\/en\/wp-json\/wp\/v2\/media?parent=2330"}],"wp:term":[{"taxonomy":"product_brand","embeddable":true,"href":"https:\/\/flexvision.pl\/en\/wp-json\/wp\/v2\/product_brand?post=2330"},{"taxonomy":"product_cat","embeddable":true,"href":"https:\/\/flexvision.pl\/en\/wp-json\/wp\/v2\/product_cat?post=2330"},{"taxonomy":"product_tag","embeddable":true,"href":"https:\/\/flexvision.pl\/en\/wp-json\/wp\/v2\/product_tag?post=2330"}],"curies":[{"name":"wp","href":"https:\/\/api.w.org\/{rel}","templated":true}]}}